{"id":2774,"date":"2023-09-25T12:40:16","date_gmt":"2023-09-25T12:40:16","guid":{"rendered":"https:\/\/adventuretime.md\/?post_type=product&#038;p=2774"},"modified":"2024-02-23T12:48:40","modified_gmt":"2024-02-23T12:48:40","slug":"bajdarka-karkasno-naduvnayamila-2","status":"publish","type":"product","link":"https:\/\/adventuretime.md\/ro\/produs\/bajdarka-karkasno-naduvnayamila-2\/","title":{"rendered":"Caiac gonflabil cu cadru \u201eMila-2\u201d"},"content":{"rendered":"<h3>Particularit\u0103\u021bi<\/h3>\n<ul>\n<li>Cadru din aliaj de aluminiu 6068 T5, asamblat folosind butoane de declan\u0219are, nu necesit\u0103 piuli\u021be sau \u0219uruburi - totul pentru confortul \u0219i viteza dvs. de instalare<\/li>\n<li>Cilindrii au o densitate de 800 g\/m2 \u0219i sunt forma\u021bi din 2 segmente cu leg\u0103tur\u0103 transversal\u0103 din material, ceea ce ofer\u0103 cilindrului vitez\u0103 mare \u0219i rigiditate suplimentar\u0103.<\/li>\n<li>Are compartimente de marf\u0103 \u00een prova \u0219i pupa, iar \u00eenc\u0103rc\u0103tura poate fi plasat\u0103 \u0219i sub scaunele caiacului<\/li>\n<li>Echipat cu scaune confortabile cu sp\u0103tare gonflabile<\/li>\n<li>\u00cen versiunea de expedi\u021bie este echipat cu curele pentru coaps\u0103 \u0219i \u0219or\u021b<\/li>\n<li>Designul cadrului caiacului are o serie de solu\u021bii tehnice originale, care v\u0103 permit s\u0103 asambla\u021bi barca \u00een mai pu\u021bin de 20 de minute<\/li>\n<li>Carcasa este realizat\u0103 din \u021bes\u0103tur\u0103 rezistent\u0103 la uzur\u0103, cu o densitate de 800 g\/m2<\/li>\n<li>Partea inferioar\u0103 este lipit\u0103 de-a lungul stringersului \u0219i a chilei cu un protector special<\/li>\n<li>M\u00e2nere de transport durabile<\/li>\n<li>Performan\u021b\u0103 excelent\u0103 \u00een valuri \u0219i v\u00e2nt transversal<\/li>\n<li>Caiacul este ambalat \u00eentr-o pung\u0103 de ap\u0103 de 120 cm * 50 cm * 50 cm<\/li>\n<\/ul>\n<h3>Op\u021biuni<\/h3>\n<ul>\n<li>Lungime 4,75 m.<\/li>\n<li>Latime \u2013 0,90 m.<\/li>\n<li>Greutate \u00een rucsac \u2013 18 kg.<\/li>\n<li>Numar de locuri \u2013 2 adulti<\/li>\n<li>Capacitate de \u00eenc\u0103rcare - 300 kg.<\/li>\n<li>Dimensiunea sacului \u2013 120x50x50 cm (23,4 kg)<\/li>\n<li>Timpul de asamblare este de aproximativ 20 de minute.<\/li>\n<\/ul>\n<h3>Echipamente<\/h3>\n<ul>\n<li>Cadru<\/li>\n<li>Manta din PVC<\/li>\n<li>2 scaune gonflabile<\/li>\n<li>2 v\u00e2sle<\/li>\n<li>Sac<\/li>\n<li>instruc\u021biuni de asamblare<\/li>\n<li>Trus\u0103 pentru repara\u021bii<\/li>\n<\/ul>","protected":false},"excerpt":{"rendered":"<p>Visezi de mult la caiace confortabile, u\u0219or de utilizat \u0219i u\u0219or de transportat?<\/p>\n<p>Atunci avem o veste grozav\u0103 pentru tine - caiac dublu gonflabil cu cadru Psel Mila-2!<\/p>\n<p>Datorit\u0103 caracteristicilor sale tehnice unice, va deveni un asistent indispensabil \u00een orice excursie pe ap\u0103.<\/p>\n<p>Caiacul are o flotabilitate \u0219i o capacitate foarte bune, deoarece a fost proiectat pentru treceri turistice lungi de-a lungul r\u00e2urilor calme \u0219i a apelor de coast\u0103 ale m\u0103rii.Prora \u0219i pupa sunt ridicate, ceea ce face mai u\u0219or s\u0103 controla\u021bi vasul \u0219i, de asemenea, s\u0103 v\u0103 sim\u021bi\u021bi mai \u00eencrez\u0103tori. pe valurile corpurilor de ap\u0103 deschise<\/p>","protected":false},"featured_media":2776,"template":"","meta":{"_acf_changed":false,"site-sidebar-layout":"default","site-content-layout":"","ast-site-content-layout":"default","site-content-style":"default","site-sidebar-style":"default","ast-global-header-display":"","ast-banner-title-visibility":"","ast-main-header-display":"","ast-hfb-above-header-display":"","ast-hfb-below-header-display":"","ast-hfb-mobile-header-display":"","site-post-title":"","ast-breadcrumbs-content":"","ast-featured-img":"","footer-sml-layout":"","ast-disable-related-posts":"","theme-transparent-header-meta":"default","adv-header-id-meta":"","stick-header-meta":"","header-above-stick-meta":"","header-main-stick-meta":"","header-below-stick-meta":"","astra-migrate-meta-layouts":"set","ast-page-background-enabled":"default","ast-page-background-meta":{"desktop":{"background-color":"var(--ast-global-color-4)","background-image":"","background-repeat":"repeat","background-position":"center center","background-size":"auto","background-attachment":"scroll","background-type":"","background-media":"","overlay-type":"","overlay-color":"","overlay-opacity":"","overlay-gradient":""},"tablet":{"background-color":"","background-image":"","background-repeat":"repeat","background-position":"center center","background-size":"auto","background-attachment":"scroll","background-type":"","background-media":"","overlay-type":"","overlay-color":"","overlay-opacity":"","overlay-gradient":""},"mobile":{"background-color":"","background-image":"","background-repeat":"repeat","background-position":"center center","background-size":"auto","background-attachment":"scroll","background-type":"","background-media":"","overlay-type":"","overlay-color":"","overlay-opacity":"","overlay-gradient":""}},"ast-content-background-meta":{"desktop":{"background-color":"var(--ast-global-color-5)","background-image":"","background-repeat":"repeat","background-position":"center center","background-size":"auto","background-attachment":"scroll","background-type":"","background-media":"","overlay-type":"","overlay-color":"","overlay-opacity":"","overlay-gradient":""},"tablet":{"background-color":"var(--ast-global-color-5)","background-image":"","background-repeat":"repeat","background-position":"center center","background-size":"auto","background-attachment":"scroll","background-type":"","background-media":"","overlay-type":"","overlay-color":"","overlay-opacity":"","overlay-gradient":""},"mobile":{"background-color":"var(--ast-global-color-5)","background-image":"","background-repeat":"repeat","background-position":"center center","background-size":"auto","background-attachment":"scroll","background-type":"","background-media":"","overlay-type":"","overlay-color":"","overlay-opacity":"","overlay-gradient":""}}},"product_brand":[],"product_cat":[26],"product_tag":[],"class_list":{"0":"post-2774","1":"product","2":"type-product","3":"status-publish","4":"has-post-thumbnail","6":"product_cat-bajdarki","7":"desktop-align-center","8":"tablet-align-left","9":"mobile-align-left","11":"first","12":"instock","13":"shipping-taxable","14":"purchasable","15":"product-type-simple"},"acf":[],"_links":{"self":[{"href":"https:\/\/adventuretime.md\/ro\/wp-json\/wp\/v2\/product\/2774","targetHints":{"allow":["GET"]}}],"collection":[{"href":"https:\/\/adventuretime.md\/ro\/wp-json\/wp\/v2\/product"}],"about":[{"href":"https:\/\/adventuretime.md\/ro\/wp-json\/wp\/v2\/types\/product"}],"version-history":[{"count":0,"href":"https:\/\/adventuretime.md\/ro\/wp-json\/wp\/v2\/product\/2774\/revisions"}],"wp:featuredmedia":[{"embeddable":true,"href":"https:\/\/adventuretime.md\/ro\/wp-json\/wp\/v2\/media\/2776"}],"wp:attachment":[{"href":"https:\/\/adventuretime.md\/ro\/wp-json\/wp\/v2\/media?parent=2774"}],"wp:term":[{"taxonomy":"product_brand","embeddable":true,"href":"https:\/\/adventuretime.md\/ro\/wp-json\/wp\/v2\/product_brand?post=2774"},{"taxonomy":"product_cat","embeddable":true,"href":"https:\/\/adventuretime.md\/ro\/wp-json\/wp\/v2\/product_cat?post=2774"},{"taxonomy":"product_tag","embeddable":true,"href":"https:\/\/adventuretime.md\/ro\/wp-json\/wp\/v2\/product_tag?post=2774"}],"curies":[{"name":"wp","href":"https:\/\/api.w.org\/{rel}","templated":true}]}}