{"id":2765,"date":"2023-09-25T12:26:53","date_gmt":"2023-09-25T12:26:53","guid":{"rendered":"https:\/\/adventuretime.md\/?post_type=product&#038;p=2765"},"modified":"2024-06-25T12:17:44","modified_gmt":"2024-06-25T12:17:44","slug":"bajdarka-karkasnaya-victoria-3","status":"publish","type":"product","link":"https:\/\/adventuretime.md\/ro\/produs\/bajdarka-karkasnaya-victoria-3\/","title":{"rendered":"Caiac cadru \u201eVICTORIA-3\u201d"},"content":{"rendered":"<h3>Particularit\u0103\u021bi<\/h3>\n<ul>\n<li>Cadrul este format dintr-o \u021beav\u0103 anodizat\u0103, clasa 6060 \u0219i D16T.<\/li>\n<li>Cadrele sunt t\u0103iate din placaj FSF \u0219i acoperite cu lac rezistent la umiditate.<\/li>\n<li>Are compartimente mari de marf\u0103 \u00een prova \u0219i pupa, iar \u00eenc\u0103rc\u0103tura poate fi plasat\u0103 \u0219i de-a lungul lateralelor caiacului;<\/li>\n<li>Echipat cu scaune gonflabile confortabile;<\/li>\n<li>Designul cadrului caiacului are o serie de solu\u021bii tehnice originale (sistem de stringer pereche), care v\u0103 permite s\u0103 asambla\u021bi barca \u00een mai pu\u021bin de 20 de minute;<\/li>\n<li>Caiacul are cinci rame din placaj marin rezistent la umiditate - datorit\u0103 acestui lucru, cadrul acestui model a crescut rezisten\u021ba \u0219i fiabilitatea;<br \/>\nCarcasa este realizat\u0103 din \u021bes\u0103tur\u0103 de barc\u0103 rezistent\u0103 la uzur\u0103 cu o densitate de 800 g\/m2, partea superioar\u0103 este de 650 g\/m2.<\/li>\n<li>Partea inferioar\u0103 este lipit\u0103 de-a lungul stringersului \u0219i a chilei cu un protector special;<\/li>\n<li>M\u00e2nere de transport durabile;<\/li>\n<li>Func\u021bioneaz\u0103 bine pe valuri \u0219i \u00een v\u00e2nt transversal;<\/li>\n<li>Caiacul este ambalat \u00eentr-o pung\u0103 de ap\u0103 de 120 cm * 50 cm * 50 cm<\/li>\n<\/ul>\n<h3>Op\u021biuni<\/h3>\n<ul>\n<li>Lungime 5,7 m.<\/li>\n<li>Latime \u2013 0,90 m.<\/li>\n<li>Greutate \u00een rucsac \u2013 28 kg.<\/li>\n<li>Numar de locuri \u2013 3 adulti<\/li>\n<li>Capacitate de \u00eenc\u0103rcare - 400 kg.<\/li>\n<li>Dimensiunea sacului \u2013 120x50x50 cm (23,4 kg)<\/li>\n<li>Timpul de asamblare este de aproximativ 20 de minute.<\/li>\n<\/ul>\n<h3>Echipamente<\/h3>\n<ul>\n<li>Cadru<\/li>\n<li>Manta din PVC<\/li>\n<li>3 scaune gonflabile<\/li>\n<li>3 v\u00e2sle<\/li>\n<li>Sac<\/li>\n<li>instruc\u021biuni de asamblare<\/li>\n<li>Trus\u0103 pentru repara\u021bii<\/li>\n<\/ul>","protected":false},"excerpt":{"rendered":"<p>Caiacul are o flotabilitate \u0219i o capacitate foarte bune, deoarece a fost proiectat pentru treceri turistice lungi de-a lungul r\u00e2urilor calme \u0219i a apelor de coast\u0103 ale m\u0103rii.Prora \u0219i pupa sunt ridicate, ceea ce face mai u\u0219or s\u0103 controla\u021bi vasul \u0219i, de asemenea, s\u0103 v\u0103 sim\u021bi\u021bi mai \u00eencrez\u0103tori. pe valurile corpurilor de ap\u0103 deschise. Fundul caiacului este oval, ceea ce asigur\u0103 stabilitate pe ap\u0103 la \u00eenc\u0103rcarea\/desc\u0103rcarea pasagerilor. Acest model a \u021binut cont pe c\u00e2t posibil de toate dificult\u0103\u021bile cu care se confrunt\u0103 turi\u0219tii \u00een timpul vie\u021bii de camping.<\/p>\n<p>Caiacul Viktoria-3 poate fi folosit pentru a implementa trasee complexe din punct de vedere tehnic, cu kilometri mari \u0219i condi\u021bii extreme, precum \u0219i expedi\u021bii \u00een regiuni \u00eendep\u0103rtate de civiliza\u021bie.<\/p>","protected":false},"featured_media":2772,"template":"","meta":{"_acf_changed":false,"site-sidebar-layout":"default","site-content-layout":"","ast-site-content-layout":"default","site-content-style":"default","site-sidebar-style":"default","ast-global-header-display":"","ast-banner-title-visibility":"","ast-main-header-display":"","ast-hfb-above-header-display":"","ast-hfb-below-header-display":"","ast-hfb-mobile-header-display":"","site-post-title":"","ast-breadcrumbs-content":"","ast-featured-img":"","footer-sml-layout":"","ast-disable-related-posts":"","theme-transparent-header-meta":"default","adv-header-id-meta":"","stick-header-meta":"","header-above-stick-meta":"","header-main-stick-meta":"","header-below-stick-meta":"","astra-migrate-meta-layouts":"set","ast-page-background-enabled":"default","ast-page-background-meta":{"desktop":{"background-color":"var(--ast-global-color-4)","background-image":"","background-repeat":"repeat","background-position":"center center","background-size":"auto","background-attachment":"scroll","background-type":"","background-media":"","overlay-type":"","overlay-color":"","overlay-opacity":"","overlay-gradient":""},"tablet":{"background-color":"","background-image":"","background-repeat":"repeat","background-position":"center center","background-size":"auto","background-attachment":"scroll","background-type":"","background-media":"","overlay-type":"","overlay-color":"","overlay-opacity":"","overlay-gradient":""},"mobile":{"background-color":"","background-image":"","background-repeat":"repeat","background-position":"center center","background-size":"auto","background-attachment":"scroll","background-type":"","background-media":"","overlay-type":"","overlay-color":"","overlay-opacity":"","overlay-gradient":""}},"ast-content-background-meta":{"desktop":{"background-color":"var(--ast-global-color-5)","background-image":"","background-repeat":"repeat","background-position":"center center","background-size":"auto","background-attachment":"scroll","background-type":"","background-media":"","overlay-type":"","overlay-color":"","overlay-opacity":"","overlay-gradient":""},"tablet":{"background-color":"var(--ast-global-color-5)","background-image":"","background-repeat":"repeat","background-position":"center center","background-size":"auto","background-attachment":"scroll","background-type":"","background-media":"","overlay-type":"","overlay-color":"","overlay-opacity":"","overlay-gradient":""},"mobile":{"background-color":"var(--ast-global-color-5)","background-image":"","background-repeat":"repeat","background-position":"center center","background-size":"auto","background-attachment":"scroll","background-type":"","background-media":"","overlay-type":"","overlay-color":"","overlay-opacity":"","overlay-gradient":""}}},"product_brand":[],"product_cat":[26],"product_tag":[],"class_list":{"0":"post-2765","1":"product","2":"type-product","3":"status-publish","4":"has-post-thumbnail","6":"product_cat-bajdarki","7":"desktop-align-center","8":"tablet-align-left","9":"mobile-align-left","11":"first","12":"instock","13":"shipping-taxable","14":"purchasable","15":"product-type-simple"},"acf":[],"_links":{"self":[{"href":"https:\/\/adventuretime.md\/ro\/wp-json\/wp\/v2\/product\/2765","targetHints":{"allow":["GET"]}}],"collection":[{"href":"https:\/\/adventuretime.md\/ro\/wp-json\/wp\/v2\/product"}],"about":[{"href":"https:\/\/adventuretime.md\/ro\/wp-json\/wp\/v2\/types\/product"}],"version-history":[{"count":1,"href":"https:\/\/adventuretime.md\/ro\/wp-json\/wp\/v2\/product\/2765\/revisions"}],"predecessor-version":[{"id":2775,"href":"https:\/\/adventuretime.md\/ro\/wp-json\/wp\/v2\/product\/2765\/revisions\/2775"}],"wp:featuredmedia":[{"embeddable":true,"href":"https:\/\/adventuretime.md\/ro\/wp-json\/wp\/v2\/media\/2772"}],"wp:attachment":[{"href":"https:\/\/adventuretime.md\/ro\/wp-json\/wp\/v2\/media?parent=2765"}],"wp:term":[{"taxonomy":"product_brand","embeddable":true,"href":"https:\/\/adventuretime.md\/ro\/wp-json\/wp\/v2\/product_brand?post=2765"},{"taxonomy":"product_cat","embeddable":true,"href":"https:\/\/adventuretime.md\/ro\/wp-json\/wp\/v2\/product_cat?post=2765"},{"taxonomy":"product_tag","embeddable":true,"href":"https:\/\/adventuretime.md\/ro\/wp-json\/wp\/v2\/product_tag?post=2765"}],"curies":[{"name":"wp","href":"https:\/\/api.w.org\/{rel}","templated":true}]}}