{"id":2169,"date":"2023-09-01T14:40:40","date_gmt":"2023-09-01T14:40:40","guid":{"rendered":"https:\/\/adventuretime.md\/?page_id=2169"},"modified":"2025-03-13T08:52:34","modified_gmt":"2025-03-13T08:52:34","slug":"ce-e-in-neregula-i-zachem-nuzhen","status":"publish","type":"page","link":"https:\/\/adventuretime.md\/ro\/ce-e-in-neregula-i-zachem-nuzhen\/","title":{"rendered":"Ce este o excursie \u0219i de ce este necesar\u0103?"},"content":{"rendered":"<div data-elementor-type=\"wp-page\" data-elementor-id=\"2169\" class=\"elementor elementor-2169\">\n\t\t\t\t<div class=\"elementor-element elementor-element-3384009 e-con-full e-flex e-con e-parent\" data-id=\"3384009\" data-element_type=\"container\" data-settings=\"{&quot;background_background&quot;:&quot;classic&quot;}\">\n\t\t\t\t<div class=\"elementor-element elementor-element-95490a9 uael-heading-align-center to-center-mobile elementor-widget elementor-widget-uael-advanced-heading\" data-id=\"95490a9\" data-element_type=\"widget\" data-widget_type=\"uael-advanced-heading.default\">\n\t\t\t\t<div class=\"elementor-widget-container\">\n\t\t\t\t\t\n\t\t<div class=\"uael-module-content uael-heading-wrapper\">\n\t\t\t\t\t\t<div class=\"uael-module-content uael-separator-parent\">\n\t\t\t\t\t\t\t\t\t\t\t\t\t<div class=\"uael-separator\"><\/div>\n\t\t\t\t\t\t\t<\/div>\n\t\t\t\t\t\t\n\t\t\t<h1 class=\"uael-heading\">\n\t\t\t\t\t\t\t\t\t<a href=\"#\" >\n\t\t\t\t\t\t\t\t\t\t<span class=\"uael-heading-text elementor-inline-editing uael-size--default\" data-elementor-setting-key=\"heading_title\" data-elementor-inline-editing-toolbar=\"basic\">Ce este o excursie \u0219i de ce este necesar\u0103?<\/span>\n\t\t\t\t\t\t\t\t\t<\/a>\n\t\t\t\t\t\t\t<\/h1>\n\n\t\t\t\n\t\t\t\n\t\t\t\n\t\t\t\t\t\t<\/div>\n\t\t\t\t\t\t<\/div>\n\t\t\t\t<\/div>\n\t\t\t\t<\/div>\n\t\t<div class=\"elementor-element elementor-element-adb9283 e-flex e-con-boxed e-con e-parent\" data-id=\"adb9283\" data-element_type=\"container\" data-settings=\"{&quot;background_background&quot;:&quot;classic&quot;}\">\n\t\t\t\t\t<div class=\"e-con-inner\">\n\t\t<div class=\"elementor-element elementor-element-ea698a2 e-con-full e-flex e-con e-child\" data-id=\"ea698a2\" data-element_type=\"container\">\n\t\t\t\t<div class=\"elementor-element elementor-element-1123e2c uael-heading-align-left elementor-widget-mobile__width-auto to-center-mobile elementor-widget elementor-widget-uael-advanced-heading\" data-id=\"1123e2c\" data-element_type=\"widget\" data-widget_type=\"uael-advanced-heading.default\">\n\t\t\t\t<div class=\"elementor-widget-container\">\n\t\t\t\t\t\n\t\t<div class=\"uael-module-content uael-heading-wrapper\">\n\t\t\t\t\t\t<div class=\"uael-module-content uael-separator-parent\">\n\t\t\t\t\t\t\t\t<div class=\"uael-separator-wrap\">\n\t\t\t\t\t<div class=\"uael-separator-line uael-side-left\">\n\t\t\t\t\t\t<span><\/span>\n\t\t\t\t\t<\/div>\n\t\t\t\t\t<div class=\"uael-divider-content\">\n\t\t\t\t\t\t\t\t\t\t\t\t<h3 class=\"uael-divider-text elementor-inline-editing\" data-elementor-setting-key=\"heading_line_text\" data-elementor-inline-editing-toolbar=\"basic\">Drume\u021bii<\/h3>\n\t\t\t\t\t<\/div>\n\t\t\t\t\t<div class=\"uael-separator-line uael-side-right\">\n\t\t\t\t\t\t<span><\/span>\n\t\t\t\t\t<\/div>\n\t\t\t\t<\/div>\n\t\t\t\t\t\t\t\t\t\t<\/div>\n\t\t\t\t\t\t\n\t\t\t<h2 class=\"uael-heading\">\n\t\t\t\t\t\t\t\t\t\t<span class=\"uael-heading-text elementor-inline-editing uael-size--xl\" data-elementor-setting-key=\"heading_title\" data-elementor-inline-editing-toolbar=\"basic\">Ce este o excursie \u0219i de ce este necesar\u0103?<\/span>\n\t\t\t\t\t\t\t<\/h2>\n\n\t\t\t\n\t\t\t\n\t\t\t\n\t\t\t\t\t\t<\/div>\n\t\t\t\t\t\t<\/div>\n\t\t\t\t<\/div>\n\t\t\t\t<div class=\"elementor-element elementor-element-e6a9511 elementor-widget elementor-widget-text-editor\" data-id=\"e6a9511\" data-element_type=\"widget\" data-widget_type=\"text-editor.default\">\n\t\t\t\t<div class=\"elementor-widget-container\">\n\t\t\t\t\t\t\t\t\t<p>Mul\u021bi oameni cred c\u0103 o excursie este un tur activ de vizitare a unui set de atrac\u021bii. Acest lucru este fundamental gre\u0219it! Cu noi vei vedea ce este cu adev\u0103rat o excursie \u0219i ce beneficii po\u021bi ob\u021bine din ea. \u00cen continuare, pu\u021bin\u0103 teorie pentru preg\u0103tire pentru practic\u0103)<\/p><p>O drume\u021bie este o schimbare complet\u0103 a activit\u0103\u021bii, a mediului \u0219i o pauz\u0103 de la via\u021ba obi\u0219nuit\u0103. Via\u021ba ta obi\u0219nuit\u0103 este r\u0103sturnat\u0103 aici \u0219i nu ar trebui s\u0103 te ag\u0103\u021bi de obiceiurile ora\u0219ului; multe vor trebui doar uitate pentru o vreme. Foarte des, dup\u0103 ce te \u00eentorci acas\u0103, descoperi c\u0103 unele lucruri din via\u021ba ta sunt b\u0103t\u0103i de cap inutile \u0219i ocup\u0103 doar timp \u0219i bani!<\/p><p>Principalul lucru \u00eentr-o excursie este dificult\u0103\u021bile de alt\u0103 natur\u0103 \u0219i bucuria de a le dep\u0103\u0219i. Fotografiile cu natur\u0103 frumoas\u0103 \u0219i atrac\u021bii de pe re\u021belele tale de socializare sunt un bonus frumos, dar nu \u0219i scopul c\u0103l\u0103toriei. Da, ini\u021bial toate traseele noastre sunt construite pe un lan\u021b de atrac\u021bii \u0219i priveli\u0219ti frumoase. Iar alegerea ta rutei se bazeaz\u0103 tocmai pe acest lan\u021b. Dar se poate \u00eent\u00e2mpla s\u0103 nu vezi nici m\u0103car jum\u0103tate din ceea ce este declarat. Vremea la munte este schimb\u0103toare \u0219i imprevizibil\u0103. Putem r\u0103t\u0103ci ca aricii \u00een cea\u021b\u0103, \u00een ploaie, nev\u0103z\u00e2nd nimic mai departe de 10m, \u00eencerc\u00e2nd s\u0103 nu ne r\u0103t\u0103cim c\u00e2teva zile. Dar crede-m\u0103, acesta este genul de drume\u021bie care este amintit\u0103 ca fiind cea mai bun\u0103! Aici te vei afla la limita capacit\u0103\u0163ilor tale \u015fi vei fi surprins s\u0103-l traversezi, descoperind noi orizonturi pentru tine. Dup\u0103 astfel de aventuri, dificult\u0103\u021bile din via\u021ba de zi cu zi vor fi percepute \u0219i dep\u0103\u0219ite mai simplu \u0219i mai calm.<\/p><p>Prin urmare, v\u0103 rug\u0103m s\u0103 v\u0103 acorda\u021bi nu numai romantismului de tab\u0103r\u0103 sub forma unui foc de tab\u0103r\u0103, un hotel de o mie de stele, spa\u021bii nesf\u00e2r\u0219ite \u0219i v\u00e2rfuri albe ca z\u0103pada. Da, toate acestea se vor \u00eent\u00e2mpla. Dar fii preg\u0103tit s\u0103 te \u00eenvingi pe tine \u00eensu\u021bi, calusuri, lacrimi \u0219i tot ce \u021bi se \u00eent\u00e2mpl\u0103... Practica arat\u0103 c\u0103 tuturor li se va oferi exact acel set de \u201eaccidente\u201d care le vor ajuta s\u0103-\u0219i rezolve problemele stringente ale vie\u021bii. La o drume\u021bie \u00een\u021belegi foarte clar c\u0103 accidentele nu sunt \u00eent\u00e2mpl\u0103toare. Cel mai adesea, lec\u021biile de sus vin sub forma unor situa\u021bii incomode. Ar putea fi vreme nepl\u0103cut\u0103, oameni, \u00eembr\u0103c\u0103minte, obiceiuri locale \u0219i multe altele. Este important s\u0103 nu v\u0103 \u00eenchide\u021bi de toate acestea \u0219i s\u0103 nu \u00eencerca\u021bi s\u0103 elimina\u021bi pur mecanic disconfortul, eman\u00e2nd \u00een acela\u0219i timp nemul\u021bumire. \u00ce\u021bi vei irosi doar energia \u0219i vei strica starea de spirit pentru tine \u0219i pentru cei din jurul t\u0103u. Trebuie s\u0103 \u00eencerca\u021bi s\u0103 v\u0103 \u00eemp\u0103ca\u021bi cu situa\u021bia \u0219i chiar s\u0103 beneficia\u021bi.<\/p><p>Un ghid experimentat va fi l\u00e2ng\u0103 tine; \u00eentreab\u0103-l despre tot, spune-i despre dificult\u0103\u021bi \u0219i probleme. Ve\u021bi primi \u00eentotdeauna un r\u0103spuns adecvat. Nu se va potrivi \u00eentotdeauna cu obiceiurile \u0219i viziunea asupra lumii. Dar este mai bine s\u0103 face\u021bi a\u0219a cum spune ghidul \u0219i s\u0103 v\u0103 asigura\u021bi c\u0103 acesta este ceea ce ave\u021bi nevoie \u00een acest moment.<\/p><p>Drume\u021bia v\u0103 va aduce o mul\u021bime de emo\u021bii str\u0103lucitoare \u0219i \u00eemi doresc foarte mult s\u0103 devin\u0103 nu doar o pl\u0103cere, ci \u0219i benefic\u0103.<\/p>\t\t\t\t\t\t\t\t<\/div>\n\t\t\t\t<\/div>\n\t\t\t\t<\/div>\n\t\t\t\t\t<\/div>\n\t\t\t\t<\/div>\n\t\t<div class=\"elementor-element elementor-element-95b1293 e-flex e-con-boxed e-con e-parent\" data-id=\"95b1293\" data-element_type=\"container\" data-settings=\"{&quot;background_background&quot;:&quot;classic&quot;}\">\n\t\t\t\t\t<div class=\"e-con-inner\">\n\t\t<div class=\"elementor-element elementor-element-02d27e2 e-con-full elementor-hidden-tablet elementor-hidden-mobile e-flex e-con e-child\" data-id=\"02d27e2\" data-element_type=\"container\">\n\t\t\t\t<\/div>\n\t\t<div class=\"elementor-element elementor-element-ff0fecd e-con-full e-flex e-con e-child\" data-id=\"ff0fecd\" data-element_type=\"container\" data-settings=\"{&quot;background_background&quot;:&quot;classic&quot;}\">\n\t\t\t\t<div class=\"elementor-element elementor-element-4809036 uael-heading-align-left to-center-mobile elementor-widget elementor-widget-uael-advanced-heading\" data-id=\"4809036\" data-element_type=\"widget\" data-widget_type=\"uael-advanced-heading.default\">\n\t\t\t\t<div class=\"elementor-widget-container\">\n\t\t\t\t\t\n\t\t<div class=\"uael-module-content uael-heading-wrapper\">\n\t\t\t\t\t\t<div class=\"uael-module-content uael-separator-parent\">\n\t\t\t\t\t\t\t\t<div class=\"uael-separator-wrap\">\n\t\t\t\t\t<div class=\"uael-separator-line uael-side-left\">\n\t\t\t\t\t\t<span><\/span>\n\t\t\t\t\t<\/div>\n\t\t\t\t\t<div class=\"uael-divider-content\">\n\t\t\t\t\t\t\t\t\t\t\t\t<h3 class=\"uael-divider-text elementor-inline-editing\" data-elementor-setting-key=\"heading_line_text\" data-elementor-inline-editing-toolbar=\"basic\">Opteaz\u0103 pentru cele mai bune cu noi<\/h3>\n\t\t\t\t\t<\/div>\n\t\t\t\t\t<div class=\"uael-separator-line uael-side-right\">\n\t\t\t\t\t\t<span><\/span>\n\t\t\t\t\t<\/div>\n\t\t\t\t<\/div>\n\t\t\t\t\t\t\t\t\t\t<\/div>\n\t\t\t\t\t\t\n\t\t\t<h2 class=\"uael-heading\">\n\t\t\t\t\t\t\t\t\t\t<span class=\"uael-heading-text elementor-inline-editing uael-size--xl\" data-elementor-setting-key=\"heading_title\" data-elementor-inline-editing-toolbar=\"basic\">V\u0103 oferim tot ce este mai bun!<\/span>\n\t\t\t\t\t\t\t<\/h2>\n\n\t\t\t\n\t\t\t\n\t\t\t\n\t\t\t\t\t\t<\/div>\n\t\t\t\t\t\t<\/div>\n\t\t\t\t<\/div>\n\t\t<div class=\"elementor-element elementor-element-4b5741f e-grid e-con-boxed e-con e-child\" data-id=\"4b5741f\" data-element_type=\"container\">\n\t\t\t\t\t<div class=\"e-con-inner\">\n\t\t\t\t<div class=\"elementor-element elementor-element-1cfcfa3 elementor-position-left elementor-vertical-align-middle elementor-widget elementor-widget-image-box\" data-id=\"1cfcfa3\" data-element_type=\"widget\" data-widget_type=\"image-box.default\">\n\t\t\t\t<div class=\"elementor-widget-container\">\n\t\t\t\t\t<div class=\"elementor-image-box-wrapper\"><figure class=\"elementor-image-box-img\"><img fetchpriority=\"high\" decoding=\"async\" width=\"256\" height=\"256\" src=\"https:\/\/adventuretime.md\/wp-content\/uploads\/2023\/08\/kayak-1.png\" class=\"attachment-full size-full wp-image-1631\" alt=\"\" title=\"\" srcset=\"https:\/\/adventuretime.md\/wp-content\/uploads\/2023\/08\/kayak-1.png 256w, https:\/\/adventuretime.md\/wp-content\/uploads\/2023\/08\/kayak-1-150x150.png 150w, https:\/\/adventuretime.md\/wp-content\/uploads\/2023\/08\/kayak-1-12x12.png 12w, https:\/\/adventuretime.md\/wp-content\/uploads\/2023\/08\/kayak-1-100x100.png 100w\" sizes=\"(max-width: 256px) 100vw, 256px\" \/><\/figure><div class=\"elementor-image-box-content\"><h3 class=\"elementor-image-box-title\">Caiace confortabile<\/h3><\/div><\/div>\t\t\t\t<\/div>\n\t\t\t\t<\/div>\n\t\t\t\t<div class=\"elementor-element elementor-element-3d7ac6d elementor-position-left elementor-vertical-align-middle elementor-widget elementor-widget-image-box\" data-id=\"3d7ac6d\" data-element_type=\"widget\" data-widget_type=\"image-box.default\">\n\t\t\t\t<div class=\"elementor-widget-container\">\n\t\t\t\t\t<div class=\"elementor-image-box-wrapper\"><figure class=\"elementor-image-box-img\"><img decoding=\"async\" width=\"256\" height=\"256\" src=\"https:\/\/adventuretime.md\/wp-content\/uploads\/2023\/08\/route.png\" class=\"attachment-full size-full wp-image-1630\" alt=\"\" title=\"\" srcset=\"https:\/\/adventuretime.md\/wp-content\/uploads\/2023\/08\/route.png 256w, https:\/\/adventuretime.md\/wp-content\/uploads\/2023\/08\/route-150x150.png 150w, https:\/\/adventuretime.md\/wp-content\/uploads\/2023\/08\/route-12x12.png 12w, https:\/\/adventuretime.md\/wp-content\/uploads\/2023\/08\/route-100x100.png 100w\" sizes=\"(max-width: 256px) 100vw, 256px\" \/><\/figure><div class=\"elementor-image-box-content\"><h3 class=\"elementor-image-box-title\">Trasee noi<\/h3><\/div><\/div>\t\t\t\t<\/div>\n\t\t\t\t<\/div>\n\t\t\t\t<div class=\"elementor-element elementor-element-62e0128 elementor-position-left elementor-vertical-align-middle elementor-widget elementor-widget-image-box\" data-id=\"62e0128\" data-element_type=\"widget\" data-widget_type=\"image-box.default\">\n\t\t\t\t<div class=\"elementor-widget-container\">\n\t\t\t\t\t<div class=\"elementor-image-box-wrapper\"><figure class=\"elementor-image-box-img\"><img decoding=\"async\" width=\"256\" height=\"256\" src=\"https:\/\/adventuretime.md\/wp-content\/uploads\/2023\/08\/penknife.png\" class=\"attachment-full size-full wp-image-1634\" alt=\"\" title=\"\" srcset=\"https:\/\/adventuretime.md\/wp-content\/uploads\/2023\/08\/penknife.png 256w, https:\/\/adventuretime.md\/wp-content\/uploads\/2023\/08\/penknife-150x150.png 150w, https:\/\/adventuretime.md\/wp-content\/uploads\/2023\/08\/penknife-12x12.png 12w, https:\/\/adventuretime.md\/wp-content\/uploads\/2023\/08\/penknife-100x100.png 100w\" sizes=\"(max-width: 256px) 100vw, 256px\" \/><\/figure><div class=\"elementor-image-box-content\"><h3 class=\"elementor-image-box-title\">Instructori cu experien\u021b\u0103<\/h3><\/div><\/div>\t\t\t\t<\/div>\n\t\t\t\t<\/div>\n\t\t\t\t<div class=\"elementor-element elementor-element-51a9701 elementor-position-left elementor-vertical-align-middle elementor-widget elementor-widget-image-box\" data-id=\"51a9701\" data-element_type=\"widget\" data-widget_type=\"image-box.default\">\n\t\t\t\t<div class=\"elementor-widget-container\">\n\t\t\t\t\t<div class=\"elementor-image-box-wrapper\"><figure class=\"elementor-image-box-img\"><img loading=\"lazy\" decoding=\"async\" width=\"256\" height=\"256\" src=\"https:\/\/adventuretime.md\/wp-content\/uploads\/2023\/08\/camping.png\" class=\"attachment-full size-full wp-image-1635\" alt=\"\" title=\"\" srcset=\"https:\/\/adventuretime.md\/wp-content\/uploads\/2023\/08\/camping.png 256w, https:\/\/adventuretime.md\/wp-content\/uploads\/2023\/08\/camping-150x150.png 150w, https:\/\/adventuretime.md\/wp-content\/uploads\/2023\/08\/camping-12x12.png 12w, https:\/\/adventuretime.md\/wp-content\/uploads\/2023\/08\/camping-100x100.png 100w\" sizes=\"(max-width: 256px) 100vw, 256px\" \/><\/figure><div class=\"elementor-image-box-content\"><h3 class=\"elementor-image-box-title\">Vacan\u021b\u0103 \u00een familie<\/h3><\/div><\/div>\t\t\t\t<\/div>\n\t\t\t\t<\/div>\n\t\t\t\t<div class=\"elementor-element elementor-element-7572aa8 elementor-position-left elementor-vertical-align-middle elementor-widget elementor-widget-image-box\" data-id=\"7572aa8\" data-element_type=\"widget\" data-widget_type=\"image-box.default\">\n\t\t\t\t<div class=\"elementor-widget-container\">\n\t\t\t\t\t<div class=\"elementor-image-box-wrapper\"><figure class=\"elementor-image-box-img\"><img loading=\"lazy\" decoding=\"async\" width=\"256\" height=\"256\" src=\"https:\/\/adventuretime.md\/wp-content\/uploads\/2023\/08\/hiking.png\" class=\"attachment-full size-full wp-image-1633\" alt=\"\" title=\"\" srcset=\"https:\/\/adventuretime.md\/wp-content\/uploads\/2023\/08\/hiking.png 256w, https:\/\/adventuretime.md\/wp-content\/uploads\/2023\/08\/hiking-150x150.png 150w, https:\/\/adventuretime.md\/wp-content\/uploads\/2023\/08\/hiking-12x12.png 12w, https:\/\/adventuretime.md\/wp-content\/uploads\/2023\/08\/hiking-100x100.png 100w\" sizes=\"(max-width: 256px) 100vw, 256px\" \/><\/figure><div class=\"elementor-image-box-content\"><h3 class=\"elementor-image-box-title\">Drume\u021bii unice<\/h3><\/div><\/div>\t\t\t\t<\/div>\n\t\t\t\t<\/div>\n\t\t\t\t<div class=\"elementor-element elementor-element-f726ffa elementor-position-left elementor-vertical-align-middle elementor-widget elementor-widget-image-box\" data-id=\"f726ffa\" data-element_type=\"widget\" data-widget_type=\"image-box.default\">\n\t\t\t\t<div class=\"elementor-widget-container\">\n\t\t\t\t\t<div class=\"elementor-image-box-wrapper\"><figure class=\"elementor-image-box-img\"><img loading=\"lazy\" decoding=\"async\" width=\"256\" height=\"256\" src=\"https:\/\/adventuretime.md\/wp-content\/uploads\/2023\/08\/backpack-1.png\" class=\"attachment-full size-full wp-image-1632\" alt=\"\" title=\"\" srcset=\"https:\/\/adventuretime.md\/wp-content\/uploads\/2023\/08\/backpack-1.png 256w, https:\/\/adventuretime.md\/wp-content\/uploads\/2023\/08\/backpack-1-150x150.png 150w, https:\/\/adventuretime.md\/wp-content\/uploads\/2023\/08\/backpack-1-12x12.png 12w, https:\/\/adventuretime.md\/wp-content\/uploads\/2023\/08\/backpack-1-100x100.png 100w\" sizes=\"(max-width: 256px) 100vw, 256px\" \/><\/figure><div class=\"elementor-image-box-content\"><h5 class=\"elementor-image-box-title\">\u00censo\u021bitori<\/h5><\/div><\/div>\t\t\t\t<\/div>\n\t\t\t\t<\/div>\n\t\t\t\t\t<\/div>\n\t\t\t\t<\/div>\n\t\t\t\t<\/div>\n\t\t\t\t\t<\/div>\n\t\t\t\t<\/div>\n\t\t\t\t<\/div>","protected":false},"excerpt":{"rendered":"<p>Ce este o excursie \u0219i de ce este necesar\u0103? Drume\u021bii Ce este o excursie \u0219i de ce este necesar\u0103? Mul\u021bi oameni cred c\u0103 o excursie este un tur activ de vizitare a unui set de atrac\u021bii. Acest lucru este fundamental gre\u0219it! Cu noi vei vedea ce este cu adev\u0103rat o excursie \u0219i ce beneficii po\u021bi ob\u021bine din ea. \u00cen continuare, pu\u021bin\u0103 teorie pentru preg\u0103tire pentru practic\u0103) Drume\u021bie \u2013 [...]<\/p>","protected":false},"author":1,"featured_media":0,"parent":0,"menu_order":0,"comment_status":"closed","ping_status":"closed","template":"elementor_header_footer","meta":{"_acf_changed":false,"site-sidebar-layout":"no-sidebar","site-content-layout":"page-builder","ast-site-content-layout":"full-width-container","site-content-style":"unboxed","site-sidebar-style":"unboxed","ast-global-header-display":"","ast-banner-title-visibility":"","ast-main-header-display":"","ast-hfb-above-header-display":"","ast-hfb-below-header-display":"","ast-hfb-mobile-header-display":"","site-post-title":"disabled","ast-breadcrumbs-content":"","ast-featured-img":"disabled","footer-sml-layout":"","ast-disable-related-posts":"","theme-transparent-header-meta":"enabled","adv-header-id-meta":"","stick-header-meta":"","header-above-stick-meta":"","header-main-stick-meta":"","header-below-stick-meta":"","astra-migrate-meta-layouts":"set","ast-page-background-enabled":"default","ast-page-background-meta":{"desktop":{"background-color":"var(--ast-global-color-4)","background-image":"","background-repeat":"repeat","background-position":"center center","background-size":"auto","background-attachment":"scroll","background-type":"","background-media":"","overlay-type":"","overlay-color":"","overlay-opacity":"","overlay-gradient":""},"tablet":{"background-color":"","background-image":"","background-repeat":"repeat","background-position":"center center","background-size":"auto","background-attachment":"scroll","background-type":"","background-media":"","overlay-type":"","overlay-color":"","overlay-opacity":"","overlay-gradient":""},"mobile":{"background-color":"","background-image":"","background-repeat":"repeat","background-position":"center center","background-size":"auto","background-attachment":"scroll","background-type":"","background-media":"","overlay-type":"","overlay-color":"","overlay-opacity":"","overlay-gradient":""}},"ast-content-background-meta":{"desktop":{"background-color":"var(--ast-global-color-5)","background-image":"","background-repeat":"repeat","background-position":"center center","background-size":"auto","background-attachment":"scroll","background-type":"","background-media":"","overlay-type":"","overlay-color":"","overlay-opacity":"","overlay-gradient":""},"tablet":{"background-color":"var(--ast-global-color-5)","background-image":"","background-repeat":"repeat","background-position":"center center","background-size":"auto","background-attachment":"scroll","background-type":"","background-media":"","overlay-type":"","overlay-color":"","overlay-opacity":"","overlay-gradient":""},"mobile":{"background-color":"var(--ast-global-color-5)","background-image":"","background-repeat":"repeat","background-position":"center center","background-size":"auto","background-attachment":"scroll","background-type":"","background-media":"","overlay-type":"","overlay-color":"","overlay-opacity":"","overlay-gradient":""}},"footnotes":""},"class_list":["post-2169","page","type-page","status-publish","hentry"],"acf":[],"_links":{"self":[{"href":"https:\/\/adventuretime.md\/ro\/wp-json\/wp\/v2\/pages\/2169","targetHints":{"allow":["GET"]}}],"collection":[{"href":"https:\/\/adventuretime.md\/ro\/wp-json\/wp\/v2\/pages"}],"about":[{"href":"https:\/\/adventuretime.md\/ro\/wp-json\/wp\/v2\/types\/page"}],"author":[{"embeddable":true,"href":"https:\/\/adventuretime.md\/ro\/wp-json\/wp\/v2\/users\/1"}],"replies":[{"embeddable":true,"href":"https:\/\/adventuretime.md\/ro\/wp-json\/wp\/v2\/comments?post=2169"}],"version-history":[{"count":12,"href":"https:\/\/adventuretime.md\/ro\/wp-json\/wp\/v2\/pages\/2169\/revisions"}],"predecessor-version":[{"id":3528,"href":"https:\/\/adventuretime.md\/ro\/wp-json\/wp\/v2\/pages\/2169\/revisions\/3528"}],"wp:attachment":[{"href":"https:\/\/adventuretime.md\/ro\/wp-json\/wp\/v2\/media?parent=2169"}],"curies":[{"name":"wp","href":"https:\/\/api.w.org\/{rel}","templated":true}]}}