{"id":2107,"date":"2023-09-01T12:34:08","date_gmt":"2023-09-01T12:34:08","guid":{"rendered":"https:\/\/adventuretime.md\/?page_id=2107"},"modified":"2025-08-07T15:03:26","modified_gmt":"2025-08-07T15:03:26","slug":"bezopasnost-v-vodnom-pohode","status":"publish","type":"page","link":"https:\/\/adventuretime.md\/ro\/bezopasnost-v-vodnom-pohode\/","title":{"rendered":"Siguran\u021b\u0103 \u00eentr-o excursie cu barca"},"content":{"rendered":"<div data-elementor-type=\"wp-page\" data-elementor-id=\"2107\" class=\"elementor elementor-2107\">\n\t\t\t\t<div class=\"elementor-element elementor-element-92831d6 e-con-full e-flex e-con e-parent\" data-id=\"92831d6\" data-element_type=\"container\" data-settings=\"{&quot;background_background&quot;:&quot;classic&quot;}\">\n\t\t\t\t<div class=\"elementor-element elementor-element-f748447 uael-heading-align-center to-center-mobile elementor-widget elementor-widget-uael-advanced-heading\" data-id=\"f748447\" data-element_type=\"widget\" data-widget_type=\"uael-advanced-heading.default\">\n\t\t\t\t<div class=\"elementor-widget-container\">\n\t\t\t\t\t\n\t\t<div class=\"uael-module-content uael-heading-wrapper\">\n\t\t\t\t\t\t<div class=\"uael-module-content uael-separator-parent\">\n\t\t\t\t\t\t\t\t\t\t\t\t\t<div class=\"uael-separator\"><\/div>\n\t\t\t\t\t\t\t<\/div>\n\t\t\t\t\t\t\n\t\t\t<h1 class=\"uael-heading\">\n\t\t\t\t\t\t\t\t\t<a href=\"#\" >\n\t\t\t\t\t\t\t\t\t\t<span class=\"uael-heading-text elementor-inline-editing uael-size--default\" data-elementor-setting-key=\"heading_title\" data-elementor-inline-editing-toolbar=\"basic\">Siguran\u021b\u0103 \u00eentr-o excursie cu barca<\/span>\n\t\t\t\t\t\t\t\t\t<\/a>\n\t\t\t\t\t\t\t<\/h1>\n\n\t\t\t\n\t\t\t\n\t\t\t\n\t\t\t\t\t\t<\/div>\n\t\t\t\t\t\t<\/div>\n\t\t\t\t<\/div>\n\t\t\t\t<\/div>\n\t\t<div class=\"elementor-element elementor-element-adb9283 e-flex e-con-boxed e-con e-parent\" data-id=\"adb9283\" data-element_type=\"container\" data-settings=\"{&quot;background_background&quot;:&quot;classic&quot;}\">\n\t\t\t\t\t<div class=\"e-con-inner\">\n\t\t<div class=\"elementor-element elementor-element-ea698a2 e-con-full e-flex e-con e-child\" data-id=\"ea698a2\" data-element_type=\"container\">\n\t\t\t\t<div class=\"elementor-element elementor-element-1123e2c uael-heading-align-left elementor-widget-mobile__width-auto to-center-mobile elementor-widget elementor-widget-uael-advanced-heading\" data-id=\"1123e2c\" data-element_type=\"widget\" data-widget_type=\"uael-advanced-heading.default\">\n\t\t\t\t<div class=\"elementor-widget-container\">\n\t\t\t\t\t\n\t\t<div class=\"uael-module-content uael-heading-wrapper\">\n\t\t\t\t\t\t<div class=\"uael-module-content uael-separator-parent\">\n\t\t\t\t\t\t\t\t<div class=\"uael-separator-wrap\">\n\t\t\t\t\t<div class=\"uael-separator-line uael-side-left\">\n\t\t\t\t\t\t<span><\/span>\n\t\t\t\t\t<\/div>\n\t\t\t\t\t<div class=\"uael-divider-content\">\n\t\t\t\t\t\t\t\t\t\t\t\t<h3 class=\"uael-divider-text elementor-inline-editing\" data-elementor-setting-key=\"heading_line_text\" data-elementor-inline-editing-toolbar=\"basic\">Plutire<\/h3>\n\t\t\t\t\t<\/div>\n\t\t\t\t\t<div class=\"uael-separator-line uael-side-right\">\n\t\t\t\t\t\t<span><\/span>\n\t\t\t\t\t<\/div>\n\t\t\t\t<\/div>\n\t\t\t\t\t\t\t\t\t\t<\/div>\n\t\t\t\t\t\t\n\t\t\t<h2 class=\"uael-heading\">\n\t\t\t\t\t\t\t\t\t\t<span class=\"uael-heading-text elementor-inline-editing uael-size--default\" data-elementor-setting-key=\"heading_title\" data-elementor-inline-editing-toolbar=\"basic\">Siguran\u021b\u0103 \u00eentr-o excursie cu barca<\/span>\n\t\t\t\t\t\t\t<\/h2>\n\n\t\t\t\n\t\t\t\n\t\t\t\n\t\t\t\t\t\t<\/div>\n\t\t\t\t\t\t<\/div>\n\t\t\t\t<\/div>\n\t\t\t\t<div class=\"elementor-element elementor-element-e6a9511 elementor-widget elementor-widget-text-editor\" data-id=\"e6a9511\" data-element_type=\"widget\" data-widget_type=\"text-editor.default\">\n\t\t\t\t<div class=\"elementor-widget-container\">\n\t\t\t\t\t\t\t\t\t<p>Excursiile pe ap\u0103 sunt unul dintre cele mai periculoase tipuri de turism. Neglijarea regulilor de siguran\u021b\u0103 \u0219i neaten\u021bia sunt principalele cauze ale necazurilor \u0219i accidentelor la c\u0103l\u0103toriile pe ap\u0103. Dac\u0103 sunt respectate toate reglement\u0103rile de siguran\u021b\u0103, gradul de risc \u0219i pericol este redus la minimum. Asigurarea siguran\u021bei pe ap\u0103, la dep\u0103\u0219irea rapidurilor \u0219i a rupurilor, ar trebui s\u0103 i se acorde cea mai serioas\u0103 aten\u021bie. O condi\u021bie de siguran\u021b\u0103 obligatorie este purtarea unei c\u0103\u0219ti (dac\u0103 este prev\u0103zut\u0103 de categoria de rafting) \u0219i a unei veste de salvare pe ap\u0103, precum \u0219i capacitatea de a \u00eenota \u0219i de a r\u0103m\u00e2ne pe ap\u0103. Conduc\u0103torul voiajului determin\u0103 ordinea vaselor, distan\u021ba \u0219i selecteaz\u0103 navele conduc\u0103toare \u0219i trase. Prima nav\u0103 selecteaz\u0103 ruta, iar ultima nav\u0103 poart\u0103 o trus\u0103 de prim ajutor \u0219i o trus\u0103 de repara\u021bii. \u00cen caz de urgen\u021b\u0103, ultima nav\u0103 va putea ajunge rapid din urm\u0103 orice nav\u0103 \u0219i va oferi asisten\u021ba necesar\u0103.<br \/>Cele mai frecvente accidente pe ap\u0103: un caiac cu capul \u00een jos (\u201eOverkill\u201d), unul sau mai mul\u021bi v\u00e2sla\u0219i c\u0103z\u00e2nd peste bord, deteriorarea carcasei caiacului, caiacul aterizat pe o st\u00e2nc\u0103 sau pe o ramur\u0103 de copac. \u00cen oricare dintre aceste situa\u021bii, turi\u0219tii trebuie s\u0103 desf\u0103\u0219oare ac\u021biuni coordonate, organizate pentru salvarea victimelor, respect\u00e2nd f\u0103r\u0103 \u00eendoial\u0103 comenzile conduc\u0103torului de drume\u021bie.<\/p><p><b style=\"font-style: inherit; color: var(--ast-global-color-3);\">\u00a0<\/b><\/p><p><b style=\"font-style: inherit; color: var(--ast-global-color-3);\">CERIN\u021aE GENERALE DE SIGURAN\u021a\u0102 PENTRU CAMPARE TURISTIC\u0102 DE AP\u0102<\/b><\/p><p>Persoanele care au urmat un antrenament de siguran\u021b\u0103, \u0219tiu s\u0103 \u00eenoate, au abilit\u0103\u021bi \u00een tehnicile de canotaj \u0219i controlul caiacului (c\u0103pitanul ambarca\u021biunii) au voie s\u0103 participe la o excursie turistic\u0103 pe ap\u0103. Fiecare participant la excursie este obligat s\u0103 execute cu acurate\u021be \u0219i imediat toate ordinele liderului \u0219i s\u0103 respecte rutina zilnic\u0103 stabilit\u0103. \u00cenainte de a porni pe traseu, trebuie s\u0103 verifica\u021bi func\u021bionalitatea echipamentului dumneavoastr\u0103. Ie\u0219i\u021bi pe traseu strict \u00een uniform\u0103 \u0219i cu echipamentul specificat de conduc\u0103tor. Topoarele, fer\u0103str\u0103ile \u0219i alte obiecte de perforat \u0219i t\u0103iat trebuie ambalate \u00een cutii \u0219i rucsacuri, iar regulile de utilizare a obiectelor de perforat \u0219i t\u0103iat trebuie respectate cu stricte\u021be. La opririle de odihn\u0103, nu p\u0103r\u0103si\u021bi teritoriul taberei f\u0103r\u0103 permisiunea conduc\u0103torului. Fi\u021bi vigilen\u021bi \u00eempotriva c\u0103pu\u0219elor \u0219i a altor insecte care sug s\u00e2nge.<br \/>\u00cen timpul conducerii pe traseu, pentru a evita insola\u021bia, insola\u021bia \u0219i arsurile pielii, trebuie s\u0103 purta\u021bi m\u00e2neci lungi \u0219i \u0219apc\u0103. C\u00e2nd v\u0103 muta\u021bi pentru a face parte dintr-un grup, este interzis s\u0103 p\u0103r\u0103si\u021bi grupul f\u0103r\u0103 permisiunea liderului. Raporta\u021bi imediat supervizorului dumneavoastr\u0103 orice pericol observat. Colectarea \u0219i consumul de ciuperci, fructe necunoscute \u0219i fructe de p\u0103dure este strict interzis\u0103.<br \/>Dac\u0103 este necesar\u0103 o oprire lung\u0103, liderul trebuie s\u0103 opreasc\u0103 \u00eentregul grup. Despre cele mai mici semne de boal\u0103, oboseal\u0103 etc. raporta\u021bi imediat supervizorului dumneavoastr\u0103.<br \/>Respecta\u021bi cu stricte\u021be regimul de b\u0103ut. Respecta\u021bi cu stricte\u021be regulile de asigurare \u0219i autoasigurare. Nu aprinde\u021bi lum\u00e2n\u0103ri sau chibrituri \u00een cort f\u0103r\u0103 permisiunea conduc\u0103torului. Nu t\u0103ia\u021bi copacii vii. C\u00e2nd t\u0103ia\u021bi ramuri, nu sta\u021bi sub copaci. Bu\u0219tenii grei \u0219i pietrele nu pot fi transportate pe r\u00e2nd. Nu v\u0103 c\u0103\u021b\u0103ra\u021bi \u00een copaci f\u0103r\u0103 permisiunea supraveghetorului dumneavoastr\u0103. Nu arunca\u021bi chibrituri aprinse \u00een p\u0103dure, nu l\u0103sa\u021bi focurile nesupravegheate.<br \/>Manipula\u021bi focul \u0219i apa clocotit\u0103 cu grij\u0103. A\u0219eza\u021bi cazanele cu ap\u0103 cald\u0103 \u0219i alimente l\u00e2ng\u0103 foc \u00een sine sau nu departe de foc \u00eentr-un loc special amenajat.<br \/>La incendiu, cei de serviciu trebuie s\u0103 aib\u0103 m\u0103nu\u0219i, p\u0103l\u0103rie \u0219i \u00eembr\u0103c\u0103minte care s\u0103 acopere complet corpul. Nu colecta\u021bi muni\u021bii \u0219i arme \u00een locurile fostelor opera\u021biuni militare. Dac\u0103 g\u0103si\u021bi arme \u0219i muni\u021bie, raporta\u021bi imediat supervizorul dumneavoastr\u0103. Nu atinge\u021bi lucrurile pe care le g\u0103si\u021bi.<\/p><p>Trateaz\u0103 natura cu grij\u0103. L\u0103sa\u021bi parcarea \u00een aceea\u0219i stare sau mai bun\u0103 dec\u00e2t atunci c\u00e2nd era\u021bi acolo. Nu arunca\u021bi gunoi de-a lungul traseului.<\/p><p><b style=\"font-style: inherit; color: var(--ast-global-color-3);\">\u00a0<\/b><\/p><p><b style=\"font-style: inherit; color: var(--ast-global-color-3);\">REGULI DE SIGURAN\u021a\u0102 LA CONDUCEREA PE RUTA<\/b><\/p><p>\u00centr-un caiac pe ap\u0103, trebuie s\u0103 purta\u021bi o vest\u0103 de salvare \u0219i pantofi. Lucrurile personale, echipamentele \u0219i alimentele trebuie ambalate \u00een pungi impermeabile. \u00cen timpul deplas\u0103rii, este interzis s\u0103 te ridici la toat\u0103 \u00een\u0103l\u021bimea \u00een caiac sau s\u0103 te deplasezi dintr-un loc \u00een altul f\u0103r\u0103 comanda c\u0103pitanului. C\u00e2nd v\u0103 deplasa\u021bi pe traseu, se recomand\u0103 s\u0103 merge\u021bi \u00eentr-o coloan\u0103 de trezi (un caiac dup\u0103 altul), \u00een timp ce este necesar s\u0103 se men\u021bin\u0103 o distan\u021b\u0103 \u00eentre caiace (5-10 metri pe ap\u0103 lin\u0103 \u0219i, conform indica\u021biilor conduc\u0103torului, pe ap\u0103 agitat\u0103) \u0219i urma\u021bi semnalele catamaranului din fa\u021b\u0103. Evita\u021bi coliziunile \u00eentre caiace \u0219i impacturile cu v\u00e2slele.<\/p><p>Dac\u0103 un turist nu respect\u0103 cerin\u021bele instructorului sau \u00eencalc\u0103 \u201eRegulile de conduit\u0103 \u00een timpul drume\u021biilor\u201d de mai sus, instructorul este eliberat de responsabilitatea pentru via\u021ba \u0219i s\u0103n\u0103tatea unui astfel de turist. Tot in acest caz, instructorul are dreptul de a scoate turistul de pe traseu fara a rambursa costul excursiei.<\/p><p>\u00a0<\/p>\t\t\t\t\t\t\t\t<\/div>\n\t\t\t\t<\/div>\n\t\t\t\t<\/div>\n\t\t\t\t\t<\/div>\n\t\t\t\t<\/div>\n\t\t<div class=\"elementor-element elementor-element-8c261f4 e-flex e-con-boxed e-con e-parent\" data-id=\"8c261f4\" data-element_type=\"container\" data-settings=\"{&quot;background_background&quot;:&quot;classic&quot;}\">\n\t\t\t\t\t<div class=\"e-con-inner\">\n\t\t<div class=\"elementor-element elementor-element-b53f23f e-con-full elementor-hidden-tablet elementor-hidden-mobile e-flex e-con e-child\" data-id=\"b53f23f\" data-element_type=\"container\">\n\t\t\t\t<\/div>\n\t\t<div class=\"elementor-element elementor-element-6bbeb0a e-con-full e-flex e-con e-child\" data-id=\"6bbeb0a\" data-element_type=\"container\" data-settings=\"{&quot;background_background&quot;:&quot;classic&quot;}\">\n\t\t\t\t<div class=\"elementor-element elementor-element-8705619 uael-heading-align-left to-center-mobile elementor-widget elementor-widget-uael-advanced-heading\" data-id=\"8705619\" data-element_type=\"widget\" data-widget_type=\"uael-advanced-heading.default\">\n\t\t\t\t<div class=\"elementor-widget-container\">\n\t\t\t\t\t\n\t\t<div class=\"uael-module-content uael-heading-wrapper\">\n\t\t\t\t\t\t<div class=\"uael-module-content uael-separator-parent\">\n\t\t\t\t\t\t\t\t<div class=\"uael-separator-wrap\">\n\t\t\t\t\t<div class=\"uael-separator-line uael-side-left\">\n\t\t\t\t\t\t<span><\/span>\n\t\t\t\t\t<\/div>\n\t\t\t\t\t<div class=\"uael-divider-content\">\n\t\t\t\t\t\t\t\t\t\t\t\t<h3 class=\"uael-divider-text elementor-inline-editing\" data-elementor-setting-key=\"heading_line_text\" data-elementor-inline-editing-toolbar=\"basic\">Opteaz\u0103 pentru cele mai bune cu noi<\/h3>\n\t\t\t\t\t<\/div>\n\t\t\t\t\t<div class=\"uael-separator-line uael-side-right\">\n\t\t\t\t\t\t<span><\/span>\n\t\t\t\t\t<\/div>\n\t\t\t\t<\/div>\n\t\t\t\t\t\t\t\t\t\t<\/div>\n\t\t\t\t\t\t\n\t\t\t<h2 class=\"uael-heading\">\n\t\t\t\t\t\t\t\t\t\t<span class=\"uael-heading-text elementor-inline-editing uael-size--xl\" data-elementor-setting-key=\"heading_title\" data-elementor-inline-editing-toolbar=\"basic\">V\u0103 oferim tot ce este mai bun!<\/span>\n\t\t\t\t\t\t\t<\/h2>\n\n\t\t\t\n\t\t\t\n\t\t\t\n\t\t\t\t\t\t<\/div>\n\t\t\t\t\t\t<\/div>\n\t\t\t\t<\/div>\n\t\t<div class=\"elementor-element elementor-element-d2500f0 e-grid e-con-boxed e-con e-child\" data-id=\"d2500f0\" data-element_type=\"container\">\n\t\t\t\t\t<div class=\"e-con-inner\">\n\t\t\t\t<div class=\"elementor-element elementor-element-e4b3c8b elementor-position-left elementor-vertical-align-middle elementor-widget elementor-widget-image-box\" data-id=\"e4b3c8b\" data-element_type=\"widget\" data-widget_type=\"image-box.default\">\n\t\t\t\t<div class=\"elementor-widget-container\">\n\t\t\t\t\t<div class=\"elementor-image-box-wrapper\"><figure class=\"elementor-image-box-img\"><img fetchpriority=\"high\" decoding=\"async\" width=\"256\" height=\"256\" src=\"https:\/\/adventuretime.md\/wp-content\/uploads\/2023\/08\/kayak-1.png\" class=\"attachment-full size-full wp-image-1631\" alt=\"\" title=\"\" srcset=\"https:\/\/adventuretime.md\/wp-content\/uploads\/2023\/08\/kayak-1.png 256w, https:\/\/adventuretime.md\/wp-content\/uploads\/2023\/08\/kayak-1-150x150.png 150w, https:\/\/adventuretime.md\/wp-content\/uploads\/2023\/08\/kayak-1-12x12.png 12w, https:\/\/adventuretime.md\/wp-content\/uploads\/2023\/08\/kayak-1-100x100.png 100w\" sizes=\"(max-width: 256px) 100vw, 256px\" \/><\/figure><div class=\"elementor-image-box-content\"><h3 class=\"elementor-image-box-title\">Caiace confortabile<\/h3><\/div><\/div>\t\t\t\t<\/div>\n\t\t\t\t<\/div>\n\t\t\t\t<div class=\"elementor-element elementor-element-8e45896 elementor-position-left elementor-vertical-align-middle elementor-widget elementor-widget-image-box\" data-id=\"8e45896\" data-element_type=\"widget\" data-widget_type=\"image-box.default\">\n\t\t\t\t<div class=\"elementor-widget-container\">\n\t\t\t\t\t<div class=\"elementor-image-box-wrapper\"><figure class=\"elementor-image-box-img\"><img decoding=\"async\" width=\"256\" height=\"256\" src=\"https:\/\/adventuretime.md\/wp-content\/uploads\/2023\/08\/route.png\" class=\"attachment-full size-full wp-image-1630\" alt=\"\" title=\"\" srcset=\"https:\/\/adventuretime.md\/wp-content\/uploads\/2023\/08\/route.png 256w, https:\/\/adventuretime.md\/wp-content\/uploads\/2023\/08\/route-150x150.png 150w, https:\/\/adventuretime.md\/wp-content\/uploads\/2023\/08\/route-12x12.png 12w, https:\/\/adventuretime.md\/wp-content\/uploads\/2023\/08\/route-100x100.png 100w\" sizes=\"(max-width: 256px) 100vw, 256px\" \/><\/figure><div class=\"elementor-image-box-content\"><h3 class=\"elementor-image-box-title\">Trasee noi<\/h3><\/div><\/div>\t\t\t\t<\/div>\n\t\t\t\t<\/div>\n\t\t\t\t<div class=\"elementor-element elementor-element-3090127 elementor-position-left elementor-vertical-align-middle elementor-widget elementor-widget-image-box\" data-id=\"3090127\" data-element_type=\"widget\" data-widget_type=\"image-box.default\">\n\t\t\t\t<div class=\"elementor-widget-container\">\n\t\t\t\t\t<div class=\"elementor-image-box-wrapper\"><figure class=\"elementor-image-box-img\"><img decoding=\"async\" width=\"256\" height=\"256\" src=\"https:\/\/adventuretime.md\/wp-content\/uploads\/2023\/08\/penknife.png\" class=\"attachment-full size-full wp-image-1634\" alt=\"\" title=\"\" srcset=\"https:\/\/adventuretime.md\/wp-content\/uploads\/2023\/08\/penknife.png 256w, https:\/\/adventuretime.md\/wp-content\/uploads\/2023\/08\/penknife-150x150.png 150w, https:\/\/adventuretime.md\/wp-content\/uploads\/2023\/08\/penknife-12x12.png 12w, https:\/\/adventuretime.md\/wp-content\/uploads\/2023\/08\/penknife-100x100.png 100w\" sizes=\"(max-width: 256px) 100vw, 256px\" \/><\/figure><div class=\"elementor-image-box-content\"><h3 class=\"elementor-image-box-title\">Instructori cu experien\u021b\u0103<\/h3><\/div><\/div>\t\t\t\t<\/div>\n\t\t\t\t<\/div>\n\t\t\t\t<div class=\"elementor-element elementor-element-7730ea7 elementor-position-left elementor-vertical-align-middle elementor-widget elementor-widget-image-box\" data-id=\"7730ea7\" data-element_type=\"widget\" data-widget_type=\"image-box.default\">\n\t\t\t\t<div class=\"elementor-widget-container\">\n\t\t\t\t\t<div class=\"elementor-image-box-wrapper\"><figure class=\"elementor-image-box-img\"><img loading=\"lazy\" decoding=\"async\" width=\"256\" height=\"256\" src=\"https:\/\/adventuretime.md\/wp-content\/uploads\/2023\/08\/camping.png\" class=\"attachment-full size-full wp-image-1635\" alt=\"\" title=\"\" srcset=\"https:\/\/adventuretime.md\/wp-content\/uploads\/2023\/08\/camping.png 256w, https:\/\/adventuretime.md\/wp-content\/uploads\/2023\/08\/camping-150x150.png 150w, https:\/\/adventuretime.md\/wp-content\/uploads\/2023\/08\/camping-12x12.png 12w, https:\/\/adventuretime.md\/wp-content\/uploads\/2023\/08\/camping-100x100.png 100w\" sizes=\"(max-width: 256px) 100vw, 256px\" \/><\/figure><div class=\"elementor-image-box-content\"><h3 class=\"elementor-image-box-title\">Vacan\u021b\u0103 \u00een familie<\/h3><\/div><\/div>\t\t\t\t<\/div>\n\t\t\t\t<\/div>\n\t\t\t\t<div class=\"elementor-element elementor-element-e65defc elementor-position-left elementor-vertical-align-middle elementor-widget elementor-widget-image-box\" data-id=\"e65defc\" data-element_type=\"widget\" data-widget_type=\"image-box.default\">\n\t\t\t\t<div class=\"elementor-widget-container\">\n\t\t\t\t\t<div class=\"elementor-image-box-wrapper\"><figure class=\"elementor-image-box-img\"><img loading=\"lazy\" decoding=\"async\" width=\"256\" height=\"256\" src=\"https:\/\/adventuretime.md\/wp-content\/uploads\/2023\/08\/hiking.png\" class=\"attachment-full size-full wp-image-1633\" alt=\"\" title=\"\" srcset=\"https:\/\/adventuretime.md\/wp-content\/uploads\/2023\/08\/hiking.png 256w, https:\/\/adventuretime.md\/wp-content\/uploads\/2023\/08\/hiking-150x150.png 150w, https:\/\/adventuretime.md\/wp-content\/uploads\/2023\/08\/hiking-12x12.png 12w, https:\/\/adventuretime.md\/wp-content\/uploads\/2023\/08\/hiking-100x100.png 100w\" sizes=\"(max-width: 256px) 100vw, 256px\" \/><\/figure><div class=\"elementor-image-box-content\"><h3 class=\"elementor-image-box-title\">Drume\u021bii unice<\/h3><\/div><\/div>\t\t\t\t<\/div>\n\t\t\t\t<\/div>\n\t\t\t\t<div class=\"elementor-element elementor-element-9bc4c99 elementor-position-left elementor-vertical-align-middle elementor-widget elementor-widget-image-box\" data-id=\"9bc4c99\" data-element_type=\"widget\" data-widget_type=\"image-box.default\">\n\t\t\t\t<div class=\"elementor-widget-container\">\n\t\t\t\t\t<div class=\"elementor-image-box-wrapper\"><figure class=\"elementor-image-box-img\"><img loading=\"lazy\" decoding=\"async\" width=\"256\" height=\"256\" src=\"https:\/\/adventuretime.md\/wp-content\/uploads\/2023\/08\/backpack-1.png\" class=\"attachment-full size-full wp-image-1632\" alt=\"\" title=\"\" srcset=\"https:\/\/adventuretime.md\/wp-content\/uploads\/2023\/08\/backpack-1.png 256w, https:\/\/adventuretime.md\/wp-content\/uploads\/2023\/08\/backpack-1-150x150.png 150w, https:\/\/adventuretime.md\/wp-content\/uploads\/2023\/08\/backpack-1-12x12.png 12w, https:\/\/adventuretime.md\/wp-content\/uploads\/2023\/08\/backpack-1-100x100.png 100w\" sizes=\"(max-width: 256px) 100vw, 256px\" \/><\/figure><div class=\"elementor-image-box-content\"><h5 class=\"elementor-image-box-title\">\u00censo\u021bitori<\/h5><\/div><\/div>\t\t\t\t<\/div>\n\t\t\t\t<\/div>\n\t\t\t\t\t<\/div>\n\t\t\t\t<\/div>\n\t\t\t\t<\/div>\n\t\t\t\t\t<\/div>\n\t\t\t\t<\/div>\n\t\t\t\t<\/div>","protected":false},"excerpt":{"rendered":"<p>Siguran\u021ba \u00een timpul unei c\u0103l\u0103torii pe ap\u0103 Rafting Siguran\u021ba \u00een timpul unei c\u0103l\u0103torii pe ap\u0103 Excursiile pe ap\u0103 sunt unul dintre cele mai periculoase tipuri de turism. Neglijarea regulilor de siguran\u021b\u0103 \u0219i neaten\u021bia sunt principalele cauze ale necazurilor \u0219i accidentelor la c\u0103l\u0103toriile pe ap\u0103. Dac\u0103 sunt respectate toate reglement\u0103rile de siguran\u021b\u0103, gradul de risc \u0219i pericol este redus la minimum. Asigurarea siguran\u021bei pe ap\u0103, la dep\u0103\u0219irea rapidurilor \u0219i a rupurilor, trebuie s\u0103 fie [\u2026]<\/p>","protected":false},"author":1,"featured_media":0,"parent":0,"menu_order":0,"comment_status":"closed","ping_status":"closed","template":"","meta":{"_acf_changed":false,"site-sidebar-layout":"no-sidebar","site-content-layout":"page-builder","ast-site-content-layout":"full-width-container","site-content-style":"unboxed","site-sidebar-style":"unboxed","ast-global-header-display":"","ast-banner-title-visibility":"","ast-main-header-display":"","ast-hfb-above-header-display":"","ast-hfb-below-header-display":"","ast-hfb-mobile-header-display":"","site-post-title":"disabled","ast-breadcrumbs-content":"","ast-featured-img":"disabled","footer-sml-layout":"","ast-disable-related-posts":"","theme-transparent-header-meta":"enabled","adv-header-id-meta":"","stick-header-meta":"","header-above-stick-meta":"","header-main-stick-meta":"","header-below-stick-meta":"","astra-migrate-meta-layouts":"set","ast-page-background-enabled":"default","ast-page-background-meta":{"desktop":{"background-color":"var(--ast-global-color-4)","background-image":"","background-repeat":"repeat","background-position":"center center","background-size":"auto","background-attachment":"scroll","background-type":"","background-media":"","overlay-type":"","overlay-color":"","overlay-opacity":"","overlay-gradient":""},"tablet":{"background-color":"","background-image":"","background-repeat":"repeat","background-position":"center center","background-size":"auto","background-attachment":"scroll","background-type":"","background-media":"","overlay-type":"","overlay-color":"","overlay-opacity":"","overlay-gradient":""},"mobile":{"background-color":"","background-image":"","background-repeat":"repeat","background-position":"center center","background-size":"auto","background-attachment":"scroll","background-type":"","background-media":"","overlay-type":"","overlay-color":"","overlay-opacity":"","overlay-gradient":""}},"ast-content-background-meta":{"desktop":{"background-color":"var(--ast-global-color-5)","background-image":"","background-repeat":"repeat","background-position":"center center","background-size":"auto","background-attachment":"scroll","background-type":"","background-media":"","overlay-type":"","overlay-color":"","overlay-opacity":"","overlay-gradient":""},"tablet":{"background-color":"var(--ast-global-color-5)","background-image":"","background-repeat":"repeat","background-position":"center center","background-size":"auto","background-attachment":"scroll","background-type":"","background-media":"","overlay-type":"","overlay-color":"","overlay-opacity":"","overlay-gradient":""},"mobile":{"background-color":"var(--ast-global-color-5)","background-image":"","background-repeat":"repeat","background-position":"center center","background-size":"auto","background-attachment":"scroll","background-type":"","background-media":"","overlay-type":"","overlay-color":"","overlay-opacity":"","overlay-gradient":""}},"footnotes":""},"class_list":["post-2107","page","type-page","status-publish","hentry"],"acf":[],"_links":{"self":[{"href":"https:\/\/adventuretime.md\/ro\/wp-json\/wp\/v2\/pages\/2107","targetHints":{"allow":["GET"]}}],"collection":[{"href":"https:\/\/adventuretime.md\/ro\/wp-json\/wp\/v2\/pages"}],"about":[{"href":"https:\/\/adventuretime.md\/ro\/wp-json\/wp\/v2\/types\/page"}],"author":[{"embeddable":true,"href":"https:\/\/adventuretime.md\/ro\/wp-json\/wp\/v2\/users\/1"}],"replies":[{"embeddable":true,"href":"https:\/\/adventuretime.md\/ro\/wp-json\/wp\/v2\/comments?post=2107"}],"version-history":[{"count":65,"href":"https:\/\/adventuretime.md\/ro\/wp-json\/wp\/v2\/pages\/2107\/revisions"}],"predecessor-version":[{"id":3870,"href":"https:\/\/adventuretime.md\/ro\/wp-json\/wp\/v2\/pages\/2107\/revisions\/3870"}],"wp:attachment":[{"href":"https:\/\/adventuretime.md\/ro\/wp-json\/wp\/v2\/media?parent=2107"}],"curies":[{"name":"wp","href":"https:\/\/api.w.org\/{rel}","templated":true}]}}